{"id":7,"date":"2018-09-06T22:45:23","date_gmt":"2018-09-06T20:45:23","guid":{"rendered":"http:\/\/sforyou.fr\/?page_id=7"},"modified":"2023-12-25T19:52:23","modified_gmt":"2023-12-25T18:52:23","slug":"accueil","status":"publish","type":"page","link":"https:\/\/sforyou.fr\/","title":{"rendered":"Accueil"},"content":{"rendered":"<p><strong>\u00a0<\/strong><br \/>\n<img loading=\"lazy\" class=\"wp-image-263 size-full aligncenter\" src=\"http:\/\/sforyou.fr\/wp-content\/uploads\/2018\/10\/femme_doree.jpg\" alt=\"\" width=\"500\" height=\"650\" srcset=\"https:\/\/sforyou.fr\/wp-content\/uploads\/2018\/10\/femme_doree.jpg 500w, https:\/\/sforyou.fr\/wp-content\/uploads\/2018\/10\/femme_doree-231x300.jpg 231w\" sizes=\"(max-width: 500px) 100vw, 500px\" \/><\/p>\n<p>&nbsp;<\/p>\n<h5>Envie d\u2019une pause beaut\u00e9, d\u00e9tente\u00a0?Esth\u00e9ticienne dipl\u00f4m\u00e9e d\u2019\u00e9tat, je vous re\u00e7ois sur rendez-vous \u00e0 mon domicile, dans une pi\u00e8ce \u00e9quip\u00e9e d\u2019un mat\u00e9riel professionnel et adapt\u00e9, au sein d\u2019une ambiance chaleureuse et confortable.<\/h5>\n<h5>Je travaille avec des marques cosm\u00e9tiques de fabrication fran\u00e7aise pour l\u2019\u00e9pilation, ainsi que pour les soins du visage (gamme biologique).<\/h5>\n<h5>Pour la manucurie, j\u2019utilise une marque am\u00e9ricaine de renomm\u00e9e internationale, reconnue pour sa qualit\u00e9.<\/h5>\n<h5>Enfin, votre fid\u00e9lit\u00e9 sera r\u00e9compens\u00e9e. Pour en savoir plus, je vous propose de visiter la rubrique cadeaux.<\/h5>\n<h5>A bient\u00f4t,<\/h5>\n<h5>Sand\u00e9s<\/h5>\n\n\t\t<style type=\"text\/css\">\n\t\t\t#gallery-1 {\n\t\t\t\tmargin: auto;\n\t\t\t}\n\t\t\t#gallery-1 .gallery-item {\n\t\t\t\tfloat: left;\n\t\t\t\tmargin-top: 10px;\n\t\t\t\ttext-align: center;\n\t\t\t\twidth: 25%;\n\t\t\t}\n\t\t\t#gallery-1 img {\n\t\t\t\tborder: 2px solid #cfcfcf;\n\t\t\t}\n\t\t\t#gallery-1 .gallery-caption {\n\t\t\t\tmargin-left: 0;\n\t\t\t}\n\t\t\t\/* see gallery_shortcode() in wp-includes\/media.php *\/\n\t\t<\/style>\n\t\t<div id='gallery-1' class='gallery galleryid-7 gallery-columns-4 gallery-size-thumbnail'><dl class='gallery-item'>\n\t\t\t<dt class='gallery-icon landscape'>\n\t\t\t\t<a href='https:\/\/sforyou.fr\/index.php\/accueil\/oxalia\/#main'><img width=\"150\" height=\"150\" src=\"https:\/\/sforyou.fr\/wp-content\/uploads\/2018\/09\/OXALIA-150x150.jpg\" class=\"attachment-thumbnail size-thumbnail\" alt=\"\" loading=\"lazy\" srcset=\"https:\/\/sforyou.fr\/wp-content\/uploads\/2018\/09\/OXALIA-150x150.jpg 150w, https:\/\/sforyou.fr\/wp-content\/uploads\/2018\/09\/OXALIA.jpg 225w\" sizes=\"(max-width: 150px) 100vw, 150px\" \/><\/a>\n\t\t\t<\/dt><\/dl><dl class='gallery-item'>\n\t\t\t<dt class='gallery-icon landscape'>\n\t\t\t\t<a href='https:\/\/sforyou.fr\/index.php\/accueil\/identite-filleaupluriel\/#main'><img width=\"150\" height=\"150\" src=\"https:\/\/sforyou.fr\/wp-content\/uploads\/2018\/12\/identite-filleaupluriel-150x150.png\" class=\"attachment-thumbnail size-thumbnail\" alt=\"\" loading=\"lazy\" srcset=\"https:\/\/sforyou.fr\/wp-content\/uploads\/2018\/12\/identite-filleaupluriel-150x150.png 150w, https:\/\/sforyou.fr\/wp-content\/uploads\/2018\/12\/identite-filleaupluriel-300x300.png 300w, https:\/\/sforyou.fr\/wp-content\/uploads\/2018\/12\/identite-filleaupluriel.png 594w\" sizes=\"(max-width: 150px) 100vw, 150px\" \/><\/a>\n\t\t\t<\/dt><\/dl><dl class='gallery-item'>\n\t\t\t<dt class='gallery-icon landscape'>\n\t\t\t\t<a href='https:\/\/sforyou.fr\/index.php\/accueil\/opi\/#main'><img width=\"150\" height=\"150\" src=\"https:\/\/sforyou.fr\/wp-content\/uploads\/2018\/09\/OPI-150x150.gif\" class=\"attachment-thumbnail size-thumbnail\" alt=\"\" loading=\"lazy\" \/><\/a>\n\t\t\t<\/dt><\/dl>\n\t\t\t<br style='clear: both' \/>\n\t\t<\/div>\n\n<h6><\/h6>\n","protected":false},"excerpt":{"rendered":"<p>\u00a0 &nbsp; Envie d\u2019une pause beaut\u00e9, d\u00e9tente\u00a0?Esth\u00e9ticienne dipl\u00f4m\u00e9e d\u2019\u00e9tat, je vous re\u00e7ois sur rendez-vous \u00e0 mon domicile, dans une pi\u00e8ce \u00e9quip\u00e9e d\u2019un mat\u00e9riel professionnel et adapt\u00e9, au sein d\u2019une ambiance chaleureuse et confortable. Je travaille avec des marques cosm\u00e9tiques de fabrication fran\u00e7aise pour l\u2019\u00e9pilation, ainsi que pour les soins du visage (gamme biologique). Pour la [&hellip;]<\/p>\n","protected":false},"author":1,"featured_media":0,"parent":0,"menu_order":0,"comment_status":"closed","ping_status":"closed","template":"","meta":[],"_links":{"self":[{"href":"https:\/\/sforyou.fr\/index.php\/wp-json\/wp\/v2\/pages\/7"}],"collection":[{"href":"https:\/\/sforyou.fr\/index.php\/wp-json\/wp\/v2\/pages"}],"about":[{"href":"https:\/\/sforyou.fr\/index.php\/wp-json\/wp\/v2\/types\/page"}],"author":[{"embeddable":true,"href":"https:\/\/sforyou.fr\/index.php\/wp-json\/wp\/v2\/users\/1"}],"replies":[{"embeddable":true,"href":"https:\/\/sforyou.fr\/index.php\/wp-json\/wp\/v2\/comments?post=7"}],"version-history":[{"count":68,"href":"https:\/\/sforyou.fr\/index.php\/wp-json\/wp\/v2\/pages\/7\/revisions"}],"predecessor-version":[{"id":440,"href":"https:\/\/sforyou.fr\/index.php\/wp-json\/wp\/v2\/pages\/7\/revisions\/440"}],"wp:attachment":[{"href":"https:\/\/sforyou.fr\/index.php\/wp-json\/wp\/v2\/media?parent=7"}],"curies":[{"name":"wp","href":"https:\/\/api.w.org\/{rel}","templated":true}]}}